{"id":50,"date":"2025-05-12T04:26:36","date_gmt":"2025-05-12T04:26:36","guid":{"rendered":"https:\/\/salonsif.com\/?page_id=50"},"modified":"2026-04-08T03:36:45","modified_gmt":"2026-04-08T03:36:45","slug":"actualites","status":"publish","type":"page","link":"https:\/\/salonsif.com\/?page_id=50","title":{"rendered":"Actualit\u00e9s"},"content":{"rendered":"\n<p class=\"has-text-align-center has-vivid-cyan-blue-color has-text-color has-link-color has-large-font-size wp-elements-7f0b7eb40aaf57b5438080d430b48862\">Nos Actualit\u00e9s<\/p>\n\n\n\n<p class=\"has-text-align-right has-small-font-size\"><strong>Source<\/strong>&nbsp;: Leaders.com.tn<em>.<\/em><\/p>\n\n\n\n<p>Saviez-vous que plus de&nbsp;<strong>60 000 Tunisiens&nbsp;<\/strong>vivent aujourd\u2019hui au Canada, dont plus de&nbsp;<strong>25 000 dans le Grand Montr\u00e9al&nbsp;<\/strong>?&nbsp;<\/p>\n\n\n\n<p>Pr\u00e8s de&nbsp;<strong>70 %<\/strong>&nbsp;d\u2019entre eux expriment des difficult\u00e9s \u00e0 investir dans l\u2019immobilier en Tunisie, principalement \u00e0 cause du manque d\u2019acc\u00e8s \u00e0 des interlocuteurs fiables, de la distance, et du temps trop court de leurs s\u00e9jours estivaux.<\/p>\n\n\n\n<div class=\"wp-block-columns is-layout-flex wp-container-core-columns-is-layout-9d6595d7 wp-block-columns-is-layout-flex\">\n<div class=\"wp-block-column is-layout-flow wp-block-column-is-layout-flow\">\n<details class=\"wp-block-details is-layout-flow wp-block-details-is-layout-flow\"><summary><strong>Tunisie : Hausse des prix de l\u2019immobilier et recul des prix des terrains <\/strong><\/summary>\n<p>Selon les derni\u00e8res donn\u00e9es publi\u00e9es par l\u2019Institut tunisien de la comp\u00e9titivit\u00e9 et des \u00e9tudes quantitatives (ITCEQ), le march\u00e9 immobilier tunisien a connu des \u00e9volutions contrast\u00e9es au premier trimestre de l\u2019ann\u00e9e 2024.<\/p>\n\n\n\n<p>L\u2019indice des prix de l\u2019immobilier r\u00e9v\u00e8le une hausse de 4,9 % pour les maisons et de 3 % pour les appartements, par rapport au dernier trimestre de 2023. \u00c0 l\u2019inverse, les prix des terrains ont enregistr\u00e9 un recul notable de 3,4 % sur la m\u00eame p\u00e9riode.<\/p>\n\n\n\n<p>En glissement annuel (T1 2024 compar\u00e9 \u00e0 T1 2023), la tendance est encore plus marqu\u00e9e. Les prix des maisons ont bondi de 15,4 %, tandis que ceux des terrains ont progress\u00e9 de 4,9 %. Les appartements, quant \u00e0 eux, affichent une stabilit\u00e9 relative avec une l\u00e9g\u00e8re hausse de 0,1 %.<\/p>\n\n\n\n<p>Ces chiffres traduisent un dynamisme soutenu dans le segment r\u00e9sidentiel b\u00e2ti, contrastant avec une baisse d\u2019int\u00e9r\u00eat ou une saturation apparente du march\u00e9 des terrains nus. Les experts s\u2019interrogent sur les implications de cette \u00e9volution, notamment sur l\u2019acc\u00e8s au logement et les investissements fonciers \u00e0 moyen terme.<\/p>\n<\/details>\n\n\n\n<figure class=\"wp-block-image size-full is-resized\"><img loading=\"lazy\" decoding=\"async\" width=\"850\" height=\"491\" src=\"https:\/\/salonsif.com\/wp-content\/uploads\/2025\/07\/immobilier-4.jpg\" alt=\"\" class=\"wp-image-233\" style=\"width:405px;height:auto\" srcset=\"https:\/\/salonsif.com\/wp-content\/uploads\/2025\/07\/immobilier-4.jpg 850w, https:\/\/salonsif.com\/wp-content\/uploads\/2025\/07\/immobilier-4-300x173.jpg 300w, https:\/\/salonsif.com\/wp-content\/uploads\/2025\/07\/immobilier-4-768x444.jpg 768w\" sizes=\"auto, (max-width: 850px) 100vw, 850px\" \/><\/figure>\n<\/div>\n\n\n\n<div class=\"wp-block-column is-layout-flow wp-block-column-is-layout-flow\">\n<details class=\"wp-block-details is-layout-flow wp-block-details-is-layout-flow\"><summary><strong>Equipement<\/strong> :<strong> examen du dossier de financement du secteur de l\u2019immobilier <\/strong><\/summary>\n<p>La r\u00e9vision des conditions g\u00e9n\u00e9rales de financement des logements en Tunisie, et de certains textes r\u00e9gissant le secteur, telles sont les principales propositions examin\u00e9es, lors d\u2019une s\u00e9ance de travail, tenue mardi, entre la ministre de l\u2019Equipement et de l\u2019habitat, Sarra Zaafrani Zenzeri et le Pr\u00e9sident de la Chambre syndicale nationale des promoteurs immobiliers, Fahmi Chaabane.<\/p>\n\n\n\n<p>Ces propositions examin\u00e9es visent \u00e0 am\u00e9liorer la capacit\u00e9 des familles \u00e0 faible et \u00e0 moyen revenu, \u00e0 financer l\u2019acquisition d\u2019un logement, et \u00e0 le fournir avec la qualit\u00e9 requise, compte tenu de la hausse des co\u00fbts des mat\u00e9riaux de construction, selon un communiqu\u00e9 du minist\u00e8re de l\u2019Equipement sur sa page facebook.<\/p>\n\n\n\n<p>Les recommandations examin\u00e9es lors de cette r\u00e9union ont port\u00e9 sur la r\u00e9vision du programme du premier logement, le syst\u00e8me du fonds de promotion des logements pour les salari\u00e9s (Foprolos), le Fonds de garantie des cr\u00e9dits \u00e0 l\u2019habitat au profit des cat\u00e9gories \u00e0 revenus irr\u00e9guliers.<\/p>\n<\/details>\n\n\n\n<figure class=\"wp-block-image size-full is-resized\"><img loading=\"lazy\" decoding=\"async\" width=\"850\" height=\"491\" src=\"https:\/\/salonsif.com\/wp-content\/uploads\/2025\/07\/1.jpg\" alt=\"\" class=\"wp-image-248\" style=\"width:405px;height:auto\" srcset=\"https:\/\/salonsif.com\/wp-content\/uploads\/2025\/07\/1.jpg 850w, https:\/\/salonsif.com\/wp-content\/uploads\/2025\/07\/1-300x173.jpg 300w, https:\/\/salonsif.com\/wp-content\/uploads\/2025\/07\/1-768x444.jpg 768w\" sizes=\"auto, (max-width: 850px) 100vw, 850px\" \/><\/figure>\n<\/div>\n<\/div>\n\n\n\n<div class=\"wp-block-columns is-layout-flex wp-container-core-columns-is-layout-9d6595d7 wp-block-columns-is-layout-flex\">\n<div class=\"wp-block-column is-layout-flow wp-block-column-is-layout-flow\">\n<div class=\"wp-block-group\"><div class=\"wp-block-group__inner-container is-layout-constrained wp-block-group-is-layout-constrained\">\n<div class=\"wp-block-group\"><div class=\"wp-block-group__inner-container is-layout-constrained wp-block-group-is-layout-constrained\">\n<details class=\"wp-block-details is-layout-flow wp-block-details-is-layout-flow\"><summary><strong>Pourquoi investir dans l\u2019immobilier haut standing en Tunisie en 2026?<\/strong><\/summary>\n<p><strong>L\u2019immobilier haut standing en Tunisie<\/strong>\u00a0continue d\u2019attirer les investisseurs, tant locaux qu\u2019\u00e9trangers. En 2026, ce march\u00e9 conna\u00eet un essor gr\u00e2ce \u00e0 des prix comp\u00e9titifs, un cadre de vie agr\u00e9able et des opportunit\u00e9s d\u2019investissement rentables. D\u00e9couvrez pourquoi\u00a0<strong>2026 est une ann\u00e9e cl\u00e9 pour investir dans l\u2019immobilier de luxe en Tunisie.<\/strong><br><\/p>\n<\/details>\n<\/div><\/div>\n<\/div><\/div>\n\n\n\n<figure class=\"wp-block-image size-large is-resized\"><img loading=\"lazy\" decoding=\"async\" width=\"1024\" height=\"657\" src=\"https:\/\/salonsif.com\/wp-content\/uploads\/2025\/07\/luxury-ocean-view-apartment-14-1024x657.jpg\" alt=\"\" class=\"wp-image-440\" style=\"width:395px;height:auto\" srcset=\"https:\/\/salonsif.com\/wp-content\/uploads\/2025\/07\/luxury-ocean-view-apartment-14-1024x657.jpg 1024w, https:\/\/salonsif.com\/wp-content\/uploads\/2025\/07\/luxury-ocean-view-apartment-14-300x193.jpg 300w, https:\/\/salonsif.com\/wp-content\/uploads\/2025\/07\/luxury-ocean-view-apartment-14-768x493.jpg 768w, https:\/\/salonsif.com\/wp-content\/uploads\/2025\/07\/luxury-ocean-view-apartment-14.jpg 1500w\" sizes=\"auto, (max-width: 1024px) 100vw, 1024px\" \/><\/figure>\n<\/div>\n\n\n\n<div class=\"wp-block-column is-layout-flow wp-block-column-is-layout-flow\">\n<details class=\"wp-block-details is-layout-flow wp-block-details-is-layout-flow\"><summary>le march\u00e9 de l&#8217;immobilier en Tunisie Actualit\u00e9s<\/summary>\n<p>L&#8217;immobilier, ce bien physique qui comprend indissociablement la construction et le terrain sur lequel elle repose, qu&#8217;on le poss\u00e8de ou qu&#8217;on le loue, est devenu vraisemblablement et ind\u00e9niablement un bien de luxe, inabordable, inaccessible, et difficile \u00e0 acqu\u00e9rir.<\/p>\n\n\n\n<p>En effet, en Tunisie, l&#8217;accession \u00e0 la propri\u00e9t\u00e9 est de plus en plus on\u00e9reuse et ceci est d\u00fb \u00e0 la hausse des prix de l&#8217;immobilier qui, en termes r\u00e9els, ont continu\u00e9 \u00e0 s&#8217;envoler incessamment durant les cinq derni\u00e8res ann\u00e9es.<\/p>\n<\/details>\n\n\n\n<figure class=\"wp-block-image size-full\"><img loading=\"lazy\" decoding=\"async\" width=\"560\" height=\"373\" src=\"https:\/\/salonsif.com\/wp-content\/uploads\/2025\/07\/honoraires.jpg\" alt=\"\" class=\"wp-image-458\" srcset=\"https:\/\/salonsif.com\/wp-content\/uploads\/2025\/07\/honoraires.jpg 560w, https:\/\/salonsif.com\/wp-content\/uploads\/2025\/07\/honoraires-300x200.jpg 300w\" sizes=\"auto, (max-width: 560px) 100vw, 560px\" \/><\/figure>\n<\/div>\n<\/div>\n\n\n\n<p><\/p>\n","protected":false},"excerpt":{"rendered":"<p>Nos Actualit\u00e9s Source&nbsp;: Leaders.com.tn. Saviez-vous que plus de&nbsp;60 000 Tunisiens&nbsp;vivent aujourd\u2019hui au Canada, dont plus de&nbsp;25 000 dans le Grand Montr\u00e9al&nbsp;?&nbsp; Pr\u00e8s de&nbsp;70 %&nbsp;d\u2019entre eux expriment des difficult\u00e9s \u00e0 investir [&hellip;]<\/p>\n","protected":false},"author":1,"featured_media":0,"parent":0,"menu_order":0,"comment_status":"closed","ping_status":"closed","template":"","meta":{"ngg_post_thumbnail":0,"_price":"","_stock":"","_tribe_ticket_header":"","_tribe_default_ticket_provider":"","_tribe_ticket_capacity":"0","_ticket_start_date":"","_ticket_end_date":"","_tribe_ticket_show_description":"","_tribe_ticket_show_not_going":false,"_tribe_ticket_use_global_stock":"","_tribe_ticket_global_stock_level":"","_global_stock_mode":"","_global_stock_cap":"","_tribe_rsvp_for_event":"","_tribe_ticket_going_count":"","_tribe_ticket_not_going_count":"","_tribe_tickets_list":"[]","_tribe_ticket_has_attendee_info_fields":false,"footnotes":"","_tec_slr_enabled":"","_tec_slr_layout":""},"class_list":["post-50","page","type-page","status-publish","hentry"],"ticketed":false,"_links":{"self":[{"href":"https:\/\/salonsif.com\/index.php?rest_route=\/wp\/v2\/pages\/50","targetHints":{"allow":["GET"]}}],"collection":[{"href":"https:\/\/salonsif.com\/index.php?rest_route=\/wp\/v2\/pages"}],"about":[{"href":"https:\/\/salonsif.com\/index.php?rest_route=\/wp\/v2\/types\/page"}],"author":[{"embeddable":true,"href":"https:\/\/salonsif.com\/index.php?rest_route=\/wp\/v2\/users\/1"}],"replies":[{"embeddable":true,"href":"https:\/\/salonsif.com\/index.php?rest_route=%2Fwp%2Fv2%2Fcomments&post=50"}],"version-history":[{"count":80,"href":"https:\/\/salonsif.com\/index.php?rest_route=\/wp\/v2\/pages\/50\/revisions"}],"predecessor-version":[{"id":752,"href":"https:\/\/salonsif.com\/index.php?rest_route=\/wp\/v2\/pages\/50\/revisions\/752"}],"wp:attachment":[{"href":"https:\/\/salonsif.com\/index.php?rest_route=%2Fwp%2Fv2%2Fmedia&parent=50"}],"curies":[{"name":"wp","href":"https:\/\/api.w.org\/{rel}","templated":true}]}}