{"id":104,"date":"2025-07-14T23:03:54","date_gmt":"2025-07-14T23:03:54","guid":{"rendered":"https:\/\/salonsif.com\/?page_id=104"},"modified":"2026-03-11T04:20:15","modified_gmt":"2026-03-11T04:20:15","slug":"organisateurs","status":"publish","type":"page","link":"https:\/\/salonsif.com\/?page_id=104","title":{"rendered":"Organisateurs"},"content":{"rendered":"\n<p class=\"has-vivid-cyan-blue-color has-text-color has-link-color has-large-font-size wp-elements-d815c5de90864d5c7ddf4776da187745\"><strong>ADD Conseil<\/strong><\/p>\n\n\n\n<figure class=\"wp-block-image size-full is-resized\"><img loading=\"lazy\" decoding=\"async\" width=\"1200\" height=\"1181\" src=\"http:\/\/salonsif.com\/wp-content\/uploads\/2025\/07\/logo-add-2.png\" alt=\"\" class=\"wp-image-474\" style=\"width:105px;height:auto\" srcset=\"https:\/\/salonsif.com\/wp-content\/uploads\/2025\/07\/logo-add-2.png 1200w, https:\/\/salonsif.com\/wp-content\/uploads\/2025\/07\/logo-add-2-300x295.png 300w, https:\/\/salonsif.com\/wp-content\/uploads\/2025\/07\/logo-add-2-1024x1008.png 1024w, https:\/\/salonsif.com\/wp-content\/uploads\/2025\/07\/logo-add-2-768x756.png 768w\" sizes=\"auto, (max-width: 1200px) 100vw, 1200px\" \/><\/figure>\n\n\n\n<p class=\"has-vivid-cyan-blue-color has-text-color has-link-color has-medium-font-size wp-elements-eba1ced26190e061dfe7fa22002ab051\"><strong>ADD Conseil Qu\u00e9bec<\/strong><\/p>\n\n\n\n<p>Fond\u00e9e \u00e0 Qu\u00e9bec en 2025, <strong>ADD Conseil Qu\u00e9bec<\/strong> a pour vocation de cr\u00e9er des ponts \u00e9conomiques entre le Canada et la Tunisie. \u00c0 travers l\u2019organisation d\u2019\u00e9v\u00e9nements professionnels et d\u2019initiatives strat\u00e9giques, l\u2019entreprise favorise les rencontres d\u2019affaires, stimule les opportunit\u00e9s d\u2019investissement et contribue au d\u00e9veloppement de partenariats durables entre les deux march\u00e9s.<\/p>\n\n\n\n<figure class=\"wp-block-image size-full is-resized\"><img loading=\"lazy\" decoding=\"async\" width=\"1200\" height=\"1181\" src=\"http:\/\/salonsif.com\/wp-content\/uploads\/2025\/07\/logo-add-tunisie.png\" alt=\"\" class=\"wp-image-476\" style=\"width:101px;height:auto\" srcset=\"https:\/\/salonsif.com\/wp-content\/uploads\/2025\/07\/logo-add-tunisie.png 1200w, https:\/\/salonsif.com\/wp-content\/uploads\/2025\/07\/logo-add-tunisie-300x295.png 300w, https:\/\/salonsif.com\/wp-content\/uploads\/2025\/07\/logo-add-tunisie-1024x1008.png 1024w, https:\/\/salonsif.com\/wp-content\/uploads\/2025\/07\/logo-add-tunisie-768x756.png 768w\" sizes=\"auto, (max-width: 1200px) 100vw, 1200px\" \/><\/figure>\n\n\n\n<p class=\"has-vivid-cyan-blue-color has-text-color has-link-color has-medium-font-size wp-elements-13eb2167123a82ab467327e94da62b4d\"><strong>ADD Tunisie<\/strong><\/p>\n\n\n\n<p>Depuis 2010, <strong>ADD Tunisia<\/strong> accompagne les entreprises dans la construction d\u2019une image de marque forte et distinctive. Sp\u00e9cialis\u00e9e en strat\u00e9gie de communication, branding et production d\u2019\u00e9v\u00e9nements, l\u2019agence con\u00e7oit des exp\u00e9riences visuelles et des projets innovants qui permettent aux organisations de se d\u00e9marquer et de renforcer leur impact.<\/p>\n\n\n\n<p><\/p>\n","protected":false},"excerpt":{"rendered":"<p>ADD Conseil ADD Conseil Qu\u00e9bec Fond\u00e9e \u00e0 Qu\u00e9bec en 2025, ADD Conseil Qu\u00e9bec a pour vocation de cr\u00e9er des ponts \u00e9conomiques entre le Canada et la Tunisie. \u00c0 travers l\u2019organisation [&hellip;]<\/p>\n","protected":false},"author":1,"featured_media":646,"parent":0,"menu_order":0,"comment_status":"closed","ping_status":"closed","template":"","meta":{"ngg_post_thumbnail":0,"_price":"","_stock":"","_tribe_ticket_header":"","_tribe_default_ticket_provider":"","_tribe_ticket_capacity":"0","_ticket_start_date":"","_ticket_end_date":"","_tribe_ticket_show_description":"","_tribe_ticket_show_not_going":false,"_tribe_ticket_use_global_stock":"","_tribe_ticket_global_stock_level":"","_global_stock_mode":"","_global_stock_cap":"","_tribe_rsvp_for_event":"","_tribe_ticket_going_count":"","_tribe_ticket_not_going_count":"","_tribe_tickets_list":"[]","_tribe_ticket_has_attendee_info_fields":false,"footnotes":"","_tec_slr_enabled":"","_tec_slr_layout":""},"class_list":["post-104","page","type-page","status-publish","has-post-thumbnail","hentry"],"ticketed":["rsvp"],"_links":{"self":[{"href":"https:\/\/salonsif.com\/index.php?rest_route=\/wp\/v2\/pages\/104","targetHints":{"allow":["GET"]}}],"collection":[{"href":"https:\/\/salonsif.com\/index.php?rest_route=\/wp\/v2\/pages"}],"about":[{"href":"https:\/\/salonsif.com\/index.php?rest_route=\/wp\/v2\/types\/page"}],"author":[{"embeddable":true,"href":"https:\/\/salonsif.com\/index.php?rest_route=\/wp\/v2\/users\/1"}],"replies":[{"embeddable":true,"href":"https:\/\/salonsif.com\/index.php?rest_route=%2Fwp%2Fv2%2Fcomments&post=104"}],"version-history":[{"count":14,"href":"https:\/\/salonsif.com\/index.php?rest_route=\/wp\/v2\/pages\/104\/revisions"}],"predecessor-version":[{"id":671,"href":"https:\/\/salonsif.com\/index.php?rest_route=\/wp\/v2\/pages\/104\/revisions\/671"}],"wp:featuredmedia":[{"embeddable":true,"href":"https:\/\/salonsif.com\/index.php?rest_route=\/wp\/v2\/media\/646"}],"wp:attachment":[{"href":"https:\/\/salonsif.com\/index.php?rest_route=%2Fwp%2Fv2%2Fmedia&parent=104"}],"curies":[{"name":"wp","href":"https:\/\/api.w.org\/{rel}","templated":true}]}}